{"id":10,"date":"2025-06-30T20:26:16","date_gmt":"2025-06-30T18:26:16","guid":{"rendered":"https:\/\/aguasabiertas-pescadores.com.ar\/?page_id=10"},"modified":"2025-11-26T23:32:29","modified_gmt":"2025-11-26T22:32:29","slug":"inicio","status":"publish","type":"page","link":"https:\/\/aguasabiertas-pescadores.com.ar\/","title":{"rendered":"Inicio"},"content":{"rendered":"\n<div class=\"wp-block-cover alignfull\" style=\"min-height:200px;aspect-ratio:unset;\"><img decoding=\"async\" class=\"wp-block-cover__image-background\" alt=\"\" src=\"https:\/\/aguasabiertas-pescadores.com.ar\/wp-content\/themes\/neve\/assets\/img\/starter-content\/neve-hero-2.png\" data-object-fit=\"cover\"\/><span aria-hidden=\"true\" class=\"wp-block-cover__background has-background-dim-0 has-background-dim\"><\/span><div class=\"wp-block-cover__inner-container is-layout-flow wp-block-cover-is-layout-flow\">\n<div class=\"wp-block-columns are-vertically-aligned-center is-layout-flex wp-container-core-columns-is-layout-9d6595d7 wp-block-columns-is-layout-flex\">\n<div class=\"wp-block-column is-vertically-aligned-center is-layout-flow wp-block-column-is-layout-flow\" style=\"padding-right:var(--wp--preset--spacing--20);padding-left:var(--wp--preset--spacing--20);flex-basis:65%\">\n<h1 class=\"wp-block-heading has-text-align-left has-nv-text-dark-bg-color has-text-color\">Aguas Abiertas 2026<\/h1>\n\n\n\n<p>Proximamente !!!<\/p>\n\n\n\n<p>Club de Pescadores y N\u00e1utica San Pedro<\/p>\n\n\n\n<p class=\"has-text-align-left\"><br><\/p>\n<\/div>\n\n\n\n<div class=\"wp-block-column is-vertically-aligned-center is-layout-flow wp-block-column-is-layout-flow\"><\/div>\n<\/div>\n<\/div><\/div>\n\n\n\n<div style=\"height:0px\" aria-hidden=\"true\" class=\"wp-block-spacer\"><\/div>\n\n\n\n<h2 class=\"wp-block-heading\"><strong><mark style=\"background-color:rgba(0, 0, 0, 0);color:#ff1414\" class=\"has-inline-color\">2025 <\/mark><\/strong><\/h2>\n\n\n\n<p>Fotos<\/p>\n\n\n\n<p><a href=\"https:\/\/photos.app.goo.gl\/Qv9WA1AhTo6eBC3v9\" target=\"_blank\" rel=\"noreferrer noopener\">Fotos 7 y 3 km<\/a><br><a href=\"https:\/\/photos.app.goo.gl\/JBTCXx2VisQ18E1T9\" target=\"_blank\" rel=\"noreferrer noopener\">Fotos 20 km<\/a><br><a href=\"https:\/\/photos.app.goo.gl\/2Ti2FUKajv5Jf8Nx8\" target=\"_blank\" rel=\"noreferrer noopener\">Fotos mix<br><\/a><strong><mark style=\"background-color:rgba(0, 0, 0, 0);color:#ff1414\" class=\"has-inline-color\">Resultados 20 KM!!!<\/mark><\/strong><\/p>\n\n\n\n<p><a href=\"https:\/\/drive.google.com\/file\/d\/1fSB0Qk1cevUYzH59o6dmlgqvM6dmYoG5\/view?usp=sharing\" target=\"_blank\" rel=\"noreferrer noopener\">ROJO 20 KM General<\/a><\/p>\n\n\n\n<p><a href=\"https:\/\/drive.google.com\/file\/d\/1655e3adUzs08OMDso4Sb74_k9f81yoYM\/view?usp=sharing\" target=\"_blank\" rel=\"noreferrer noopener\">ROJO 20 KM Categor\u00edas<\/a><\/p>\n\n\n\n<p><a href=\"https:\/\/drive.google.com\/file\/d\/1JPdbcfjskzYTdFyK3_tevEdh8Iu0zrK0\/view?usp=sharing\" target=\"_blank\" rel=\"noreferrer noopener\">BLANCO 20 KM General<\/a><\/p>\n\n\n\n<p><a href=\"https:\/\/drive.google.com\/file\/d\/1DisT12SrKSpmUvUKVTtDTve8mbVsh5jk\/view?usp=sharing\" target=\"_blank\" rel=\"noreferrer noopener\">BLANCO 20 KM Categor\u00edas<\/a><\/p>\n\n\n\n<h2 class=\"wp-block-heading\">Resultados 7 km<\/h2>\n\n\n\n<p><a href=\"https:\/\/drive.google.com\/file\/d\/1L6RtLjRBxEdctxs_AcmFr44Wq6t7Zpou\/view?usp=sharing\" target=\"_blank\" rel=\"noreferrer noopener\">7 km General<\/a><\/p>\n\n\n\n<p><a href=\"https:\/\/drive.google.com\/file\/d\/1TICiEuG6RhIp2QEBaEesxJklWgXCt-8i\/view?usp=sharing\" target=\"_blank\" rel=\"noreferrer noopener\">7 km Categorias<\/a><\/p>\n\n\n\n<h2 class=\"wp-block-heading\"><mark style=\"background-color:rgba(0, 0, 0, 0);color:#240ff3\" class=\"has-inline-color\">Resultados 3 km<\/mark><\/h2>\n\n\n\n<p><a href=\"https:\/\/drive.google.com\/file\/d\/1Df2dP6tK5cPlRwV1R9Zv5lhDnEx5KlxX\/view?usp=sharing\" target=\"_blank\" rel=\"noreferrer noopener\">3 km General<\/a><\/p>\n\n\n\n<p><a href=\"https:\/\/drive.google.com\/file\/d\/1VVakhZKLM415UYOPBO3_Tg_-7lKRPmJu\/view?usp=sharing\" target=\"_blank\" rel=\"noreferrer noopener\">3 km Categorias<\/a><\/p>\n\n\n\n<p><\/p>\n\n\n\n<p>Club de Pescadores y N\u00e1utica San Pedro 2026<\/p>\n\n\n\n<p><a href=\"mailto:info@aguasabiertas-pescadores.com.ar\">info@aguasabiertas-pescadores.com.ar<\/a><\/p>\n\n\n\n<p><\/p>\n","protected":false},"excerpt":{"rendered":"<p>2025 Fotos Fotos 7 y 3 kmFotos 20 kmFotos mixResultados 20 KM!!! ROJO 20 KM General ROJO 20 KM Categor\u00edas BLANCO 20 KM General BLANCO 20 KM Categor\u00edas Resultados 7 km 7 km General 7 km Categorias Resultados 3 km 3 km General 3 km Categorias Club de Pescadores y N\u00e1utica San Pedro 2026 info@aguasabiertas-pescadores.com.ar<\/p>\n","protected":false},"author":1,"featured_media":0,"parent":0,"menu_order":0,"comment_status":"closed","ping_status":"closed","template":"","meta":{"footnotes":""},"class_list":["post-10","page","type-page","status-publish","hentry"],"_links":{"self":[{"href":"https:\/\/aguasabiertas-pescadores.com.ar\/index.php?rest_route=\/wp\/v2\/pages\/10","targetHints":{"allow":["GET"]}}],"collection":[{"href":"https:\/\/aguasabiertas-pescadores.com.ar\/index.php?rest_route=\/wp\/v2\/pages"}],"about":[{"href":"https:\/\/aguasabiertas-pescadores.com.ar\/index.php?rest_route=\/wp\/v2\/types\/page"}],"author":[{"embeddable":true,"href":"https:\/\/aguasabiertas-pescadores.com.ar\/index.php?rest_route=\/wp\/v2\/users\/1"}],"replies":[{"embeddable":true,"href":"https:\/\/aguasabiertas-pescadores.com.ar\/index.php?rest_route=%2Fwp%2Fv2%2Fcomments&post=10"}],"version-history":[{"count":62,"href":"https:\/\/aguasabiertas-pescadores.com.ar\/index.php?rest_route=\/wp\/v2\/pages\/10\/revisions"}],"predecessor-version":[{"id":171,"href":"https:\/\/aguasabiertas-pescadores.com.ar\/index.php?rest_route=\/wp\/v2\/pages\/10\/revisions\/171"}],"wp:attachment":[{"href":"https:\/\/aguasabiertas-pescadores.com.ar\/index.php?rest_route=%2Fwp%2Fv2%2Fmedia&parent=10"}],"curies":[{"name":"wp","href":"https:\/\/api.w.org\/{rel}","templated":true}]}}